{"id":13987,"date":"2019-02-26T15:20:31","date_gmt":"2019-02-26T22:20:31","guid":{"rendered":"http:\/\/sites.coloradocollege.edu\/bulletin\/?page_id=13987"},"modified":"2023-09-14T09:31:16","modified_gmt":"2023-09-14T15:31:16","slug":"professor-steven-janke","status":"publish","type":"page","link":"https:\/\/sites.coloradocollege.edu\/bulletin\/people-of-impact\/professor-steven-janke\/","title":{"rendered":"Professor Emeritus Steven Janke"},"content":{"rendered":"<p>By <strong>Laurie Laker \u201912<\/strong><\/p>\n<p>Steven Janke became a mathematician because of two Englishmen.<\/p>\n<p>\u201cWhen I was 14 years old, I first read \u2018Mathematical Models\u2019 by two English professors [ed. \u2014 H. Martyn Cundy and A.P. Rollett, in continuous publication since 1952], which spoke about and showed me visual mathematics. That got me going; drawing curves, building small models, and so on,\u201d Janke recalls.<\/p>\n<p>At CC for 41 years, from 1975 to 2016, Janke\u2019s career as an educator, researcher, and scholar has shifted direction and focus many times over the years. What has remained at the core of his work in all its aspects, however, is that \u2014 as he says \u2014 \u201cMath simply made sense to my brain; it always has!\u201d<\/p>\n<p>Janke settled on the University of California Santa Barbara for his undergraduate education, and received his B.A. in Mathematics in 1969, graduating Phi Beta Kappa, after spending three years at UCSB and one year studying abroad at the University of Sussex, on the south coast of England.<\/p>\n<p>\u201cI actually started in chemistry,\u201d Janke says. \u201cI jumped around a lot \u2014 from chemistry I then went to physics, and then finally settled on mathematics.\u201d<\/p>\n<p>The draw to mathematics was due, in part, to an emotional and philosophical pull for Janke as much as a practical one.<\/p>\n<p>\u201cMy interest in math always felt purer than anything else. I had, and still have, a strong interest in philosophy, which goes along with certain strains of mathematics quite heavily. It\u2019s talking about ideas, really, especially when you get into my areas of expertise \u2014 randomness and probability,\u201d he says.<\/p>\n<p><a href=\"https:\/\/sites.coloradocollege.edu\/bulletin\/files\/2019\/02\/RS42018_10_15_2014_STEVEN-JANKE_0001.jpg\"><img loading=\"lazy\" decoding=\"async\" data-attachment-id=\"13993\" data-permalink=\"https:\/\/sites.coloradocollege.edu\/bulletin\/people-of-impact\/professor-steven-janke\/steve-janke\/\" data-orig-file=\"https:\/\/sites.coloradocollege.edu\/bulletin\/files\/2019\/02\/RS42018_10_15_2014_STEVEN-JANKE_0001.jpg\" data-orig-size=\"1600,1120\" data-comments-opened=\"0\" data-image-meta=\"{&quot;aperture&quot;:&quot;4&quot;,&quot;credit&quot;:&quot;Bryan Oller&quot;,&quot;camera&quot;:&quot;NIKON D800&quot;,&quot;caption&quot;:&quot;Steve Janke, Professor of Mathematics and author of his second book \\&quot;Mathematical Structures for Computer Graphics.\\&quot;&quot;,&quot;created_timestamp&quot;:&quot;1413465381&quot;,&quot;copyright&quot;:&quot;Colorado College&quot;,&quot;focal_length&quot;:&quot;122&quot;,&quot;iso&quot;:&quot;200&quot;,&quot;shutter_speed&quot;:&quot;0.02&quot;,&quot;title&quot;:&quot;Steve Janke&quot;,&quot;orientation&quot;:&quot;1&quot;}\" data-image-title=\"Steve Janke\" data-image-description=\"\" data-image-caption=\"&lt;p&gt;Steve Janke, Professor of Mathematics and author of his second book &#8220;Mathematical Structures for Computer Graphics.&#8221;&lt;\/p&gt;\n\" data-medium-file=\"https:\/\/sites.coloradocollege.edu\/bulletin\/files\/2019\/02\/RS42018_10_15_2014_STEVEN-JANKE_0001-300x210.jpg\" data-large-file=\"https:\/\/sites.coloradocollege.edu\/bulletin\/files\/2019\/02\/RS42018_10_15_2014_STEVEN-JANKE_0001-1024x717.jpg\" class=\"alignnone wp-image-13993 size-large\" src=\"https:\/\/sites.coloradocollege.edu\/bulletin\/files\/2019\/02\/RS42018_10_15_2014_STEVEN-JANKE_0001-1024x717.jpg\" alt=\"\" width=\"651\" height=\"456\" srcset=\"https:\/\/sites.coloradocollege.edu\/bulletin\/files\/2019\/02\/RS42018_10_15_2014_STEVEN-JANKE_0001-1024x717.jpg 1024w, https:\/\/sites.coloradocollege.edu\/bulletin\/files\/2019\/02\/RS42018_10_15_2014_STEVEN-JANKE_0001-300x210.jpg 300w, https:\/\/sites.coloradocollege.edu\/bulletin\/files\/2019\/02\/RS42018_10_15_2014_STEVEN-JANKE_0001-768x538.jpg 768w, https:\/\/sites.coloradocollege.edu\/bulletin\/files\/2019\/02\/RS42018_10_15_2014_STEVEN-JANKE_0001-651x456.jpg 651w, https:\/\/sites.coloradocollege.edu\/bulletin\/files\/2019\/02\/RS42018_10_15_2014_STEVEN-JANKE_0001-994x696.jpg 994w, https:\/\/sites.coloradocollege.edu\/bulletin\/files\/2019\/02\/RS42018_10_15_2014_STEVEN-JANKE_0001-292x204.jpg 292w, https:\/\/sites.coloradocollege.edu\/bulletin\/files\/2019\/02\/RS42018_10_15_2014_STEVEN-JANKE_0001.jpg 1600w\" sizes=\"auto, (max-width: 651px) 100vw, 651px\" \/><\/a><\/p>\n<p>Stochastic processes form a particular topic in the study of randomness, and Janke dove headlong into it during his graduate work at the University of California Berkeley, receiving his M.A. in 1971 and his Ph.D. in 1982.<\/p>\n<p>\u201cOne of the classic examples of the stochastic process is the random walk; you walk down a street, get to a corner, flip a coin, and go in whichever direction that flip indicates. One of the questions we\u2019re examining is the probability of getting back to the beginning, purely by increments of coin flips \u2014 that\u2019s what I researched, in short \u2014 the concept of randomness at every time increment,\u201d Janke explains.<\/p>\n<p>Alongside his graduate work at Berkeley, until 1975 in fact, Janke had been working for PASCO Scientific designing and building equipment for teaching university physics. That contact with classroom-adjacent work, alongside his graduate schooling environment, pushed Janke to look strongly at a career in teaching, rather than R&amp;D.<\/p>\n<p>\u201cI was used to large colleges in California, and had been doing design and electronics work as well, and I wanted to try something different in academics, which is how I ended up at CC,\u201d he recalls.<\/p>\n<p>Janke applied to a range of institutions, but his background \u2014 coupling research and design with high-level academic study \u2014 pointed him in the direction of the liberal arts, and of CC.<\/p>\n<p>Arriving as a lecturer in mathematics, Janke took over from the legendary professor Wilson Gateley, who\u2019d been at the college since 1956 and whose teaching had focused on mathematical statistics, which Janke immediately took on.<\/p>\n<div class=\"tiled-gallery type-rectangular tiled-gallery-unresized\" data-original-width=\"651\" data-carousel-extra='{&quot;blog_id&quot;:281,&quot;permalink&quot;:&quot;https:\\\/\\\/sites.coloradocollege.edu\\\/bulletin\\\/people-of-impact\\\/professor-steven-janke\\\/&quot;,&quot;likes_blog_id&quot;:105396820}' itemscope itemtype=\"http:\/\/schema.org\/ImageGallery\" > <div class=\"gallery-row\" style=\"width: 651px; height: 143px;\" data-original-width=\"651\" data-original-height=\"143\" > <div class=\"gallery-group images-1\" style=\"width: 211px; height: 143px;\" data-original-width=\"211\" data-original-height=\"143\" > <div class=\"tiled-gallery-item tiled-gallery-item-small\" itemprop=\"associatedMedia\" itemscope itemtype=\"http:\/\/schema.org\/ImageObject\"> <a href=\"https:\/\/i0.wp.com\/sites.coloradocollege.edu\/bulletin\/files\/2019\/02\/RS14471_Picture_006.jpg?ssl=1\" border=\"0\" itemprop=\"url\"> <meta itemprop=\"width\" content=\"207\"> <meta itemprop=\"height\" content=\"139\"> <img decoding=\"async\" class=\"\" data-attachment-id=\"13992\" data-orig-file=\"https:\/\/sites.coloradocollege.edu\/bulletin\/files\/2019\/02\/RS14471_Picture_006.jpg\" data-orig-size=\"1600,1074\" data-comments-opened=\"\" data-image-meta=\"{&quot;aperture&quot;:&quot;0&quot;,&quot;credit&quot;:&quot;&quot;,&quot;camera&quot;:&quot;&quot;,&quot;caption&quot;:&quot;&quot;,&quot;created_timestamp&quot;:&quot;0&quot;,&quot;copyright&quot;:&quot;&quot;,&quot;focal_length&quot;:&quot;0&quot;,&quot;iso&quot;:&quot;0&quot;,&quot;shutter_speed&quot;:&quot;0&quot;,&quot;title&quot;:&quot;Faculty&quot;,&quot;orientation&quot;:&quot;1&quot;}\" data-image-title=\"Faculty\" data-image-description=\"\" data-medium-file=\"https:\/\/sites.coloradocollege.edu\/bulletin\/files\/2019\/02\/RS14471_Picture_006-300x201.jpg\" data-large-file=\"https:\/\/sites.coloradocollege.edu\/bulletin\/files\/2019\/02\/RS14471_Picture_006-1024x687.jpg\" src=\"https:\/\/i0.wp.com\/sites.coloradocollege.edu\/bulletin\/files\/2019\/02\/RS14471_Picture_006.jpg?w=207&#038;h=139&#038;ssl=1\" srcset=\"https:\/\/sites.coloradocollege.edu\/bulletin\/files\/2019\/02\/RS14471_Picture_006.jpg 1600w, https:\/\/sites.coloradocollege.edu\/bulletin\/files\/2019\/02\/RS14471_Picture_006-300x201.jpg 300w, https:\/\/sites.coloradocollege.edu\/bulletin\/files\/2019\/02\/RS14471_Picture_006-768x516.jpg 768w, https:\/\/sites.coloradocollege.edu\/bulletin\/files\/2019\/02\/RS14471_Picture_006-1024x687.jpg 1024w, https:\/\/sites.coloradocollege.edu\/bulletin\/files\/2019\/02\/RS14471_Picture_006-651x437.jpg 651w, https:\/\/sites.coloradocollege.edu\/bulletin\/files\/2019\/02\/RS14471_Picture_006-994x667.jpg 994w, https:\/\/sites.coloradocollege.edu\/bulletin\/files\/2019\/02\/RS14471_Picture_006-292x196.jpg 292w\" width=\"207\" height=\"139\" loading=\"lazy\" data-original-width=\"207\" data-original-height=\"139\" itemprop=\"http:\/\/schema.org\/image\" title=\"Faculty\" alt=\"Faculty\" style=\"width: 207px; height: 139px;\" \/> <\/a> <\/div> <\/div> <!-- close group --> <div class=\"gallery-group images-1\" style=\"width: 114px; height: 143px;\" data-original-width=\"114\" data-original-height=\"143\" > <div class=\"tiled-gallery-item tiled-gallery-item-small\" itemprop=\"associatedMedia\" itemscope itemtype=\"http:\/\/schema.org\/ImageObject\"> <a href=\"https:\/\/i0.wp.com\/sites.coloradocollege.edu\/bulletin\/files\/2019\/02\/Janke.jpg?ssl=1\" border=\"0\" itemprop=\"url\"> <meta itemprop=\"width\" content=\"110\"> <meta itemprop=\"height\" content=\"139\"> <img decoding=\"async\" class=\"\" data-attachment-id=\"13988\" data-orig-file=\"https:\/\/sites.coloradocollege.edu\/bulletin\/files\/2019\/02\/Janke.jpg\" data-orig-size=\"215,272\" data-comments-opened=\"\" data-image-meta=\"{&quot;aperture&quot;:&quot;0&quot;,&quot;credit&quot;:&quot;&quot;,&quot;camera&quot;:&quot;&quot;,&quot;caption&quot;:&quot;&quot;,&quot;created_timestamp&quot;:&quot;0&quot;,&quot;copyright&quot;:&quot;&quot;,&quot;focal_length&quot;:&quot;0&quot;,&quot;iso&quot;:&quot;0&quot;,&quot;shutter_speed&quot;:&quot;0&quot;,&quot;title&quot;:&quot;&quot;,&quot;orientation&quot;:&quot;0&quot;}\" data-image-title=\"Janke\" data-image-description=\"\" data-medium-file=\"https:\/\/sites.coloradocollege.edu\/bulletin\/files\/2019\/02\/Janke.jpg\" data-large-file=\"https:\/\/sites.coloradocollege.edu\/bulletin\/files\/2019\/02\/Janke.jpg\" src=\"https:\/\/i0.wp.com\/sites.coloradocollege.edu\/bulletin\/files\/2019\/02\/Janke.jpg?w=110&#038;h=139&#038;ssl=1\" width=\"110\" height=\"139\" loading=\"lazy\" data-original-width=\"110\" data-original-height=\"139\" itemprop=\"http:\/\/schema.org\/image\" title=\"Janke\" alt=\"Janke\" style=\"width: 110px; height: 139px;\" \/> <\/a> <\/div> <\/div> <!-- close group --> <div class=\"gallery-group images-1\" style=\"width: 179px; height: 143px;\" data-original-width=\"179\" data-original-height=\"143\" > <div class=\"tiled-gallery-item tiled-gallery-item-small\" itemprop=\"associatedMedia\" itemscope itemtype=\"http:\/\/schema.org\/ImageObject\"> <a href=\"https:\/\/i0.wp.com\/sites.coloradocollege.edu\/bulletin\/files\/2019\/02\/RS14466_Picture_001.jpg?ssl=1\" border=\"0\" itemprop=\"url\"> <meta itemprop=\"width\" content=\"175\"> <meta itemprop=\"height\" content=\"139\"> <img decoding=\"async\" class=\"\" data-attachment-id=\"13990\" data-orig-file=\"https:\/\/sites.coloradocollege.edu\/bulletin\/files\/2019\/02\/RS14466_Picture_001.jpg\" data-orig-size=\"1512,1200\" data-comments-opened=\"\" data-image-meta=\"{&quot;aperture&quot;:&quot;0&quot;,&quot;credit&quot;:&quot;&quot;,&quot;camera&quot;:&quot;&quot;,&quot;caption&quot;:&quot;&quot;,&quot;created_timestamp&quot;:&quot;0&quot;,&quot;copyright&quot;:&quot;&quot;,&quot;focal_length&quot;:&quot;0&quot;,&quot;iso&quot;:&quot;0&quot;,&quot;shutter_speed&quot;:&quot;0&quot;,&quot;title&quot;:&quot;Faculty&quot;,&quot;orientation&quot;:&quot;1&quot;}\" data-image-title=\"Faculty\" data-image-description=\"\" data-medium-file=\"https:\/\/sites.coloradocollege.edu\/bulletin\/files\/2019\/02\/RS14466_Picture_001-300x238.jpg\" data-large-file=\"https:\/\/sites.coloradocollege.edu\/bulletin\/files\/2019\/02\/RS14466_Picture_001-1024x813.jpg\" src=\"https:\/\/i0.wp.com\/sites.coloradocollege.edu\/bulletin\/files\/2019\/02\/RS14466_Picture_001.jpg?w=175&#038;h=139&#038;ssl=1\" srcset=\"https:\/\/sites.coloradocollege.edu\/bulletin\/files\/2019\/02\/RS14466_Picture_001.jpg 1512w, https:\/\/sites.coloradocollege.edu\/bulletin\/files\/2019\/02\/RS14466_Picture_001-300x238.jpg 300w, https:\/\/sites.coloradocollege.edu\/bulletin\/files\/2019\/02\/RS14466_Picture_001-768x610.jpg 768w, https:\/\/sites.coloradocollege.edu\/bulletin\/files\/2019\/02\/RS14466_Picture_001-1024x813.jpg 1024w, https:\/\/sites.coloradocollege.edu\/bulletin\/files\/2019\/02\/RS14466_Picture_001-651x517.jpg 651w, https:\/\/sites.coloradocollege.edu\/bulletin\/files\/2019\/02\/RS14466_Picture_001-994x789.jpg 994w, https:\/\/sites.coloradocollege.edu\/bulletin\/files\/2019\/02\/RS14466_Picture_001-292x232.jpg 292w\" width=\"175\" height=\"139\" loading=\"lazy\" data-original-width=\"175\" data-original-height=\"139\" itemprop=\"http:\/\/schema.org\/image\" title=\"Faculty\" alt=\"Faculty\" style=\"width: 175px; height: 139px;\" \/> <\/a> <\/div> <\/div> <!-- close group --> <div class=\"gallery-group images-1\" style=\"width: 147px; height: 143px;\" data-original-width=\"147\" data-original-height=\"143\" > <div class=\"tiled-gallery-item tiled-gallery-item-small\" itemprop=\"associatedMedia\" itemscope itemtype=\"http:\/\/schema.org\/ImageObject\"> <a href=\"https:\/\/i0.wp.com\/sites.coloradocollege.edu\/bulletin\/files\/2019\/02\/RS14467_Picture_002.jpg?ssl=1\" border=\"0\" itemprop=\"url\"> <meta itemprop=\"width\" content=\"143\"> <meta itemprop=\"height\" content=\"139\"> <img decoding=\"async\" class=\"\" data-attachment-id=\"13991\" data-orig-file=\"https:\/\/sites.coloradocollege.edu\/bulletin\/files\/2019\/02\/RS14467_Picture_002.jpg\" data-orig-size=\"1229,1200\" data-comments-opened=\"\" data-image-meta=\"{&quot;aperture&quot;:&quot;0&quot;,&quot;credit&quot;:&quot;&quot;,&quot;camera&quot;:&quot;&quot;,&quot;caption&quot;:&quot;&quot;,&quot;created_timestamp&quot;:&quot;0&quot;,&quot;copyright&quot;:&quot;&quot;,&quot;focal_length&quot;:&quot;0&quot;,&quot;iso&quot;:&quot;0&quot;,&quot;shutter_speed&quot;:&quot;0&quot;,&quot;title&quot;:&quot;Faculty&quot;,&quot;orientation&quot;:&quot;1&quot;}\" data-image-title=\"Faculty\" data-image-description=\"\" data-medium-file=\"https:\/\/sites.coloradocollege.edu\/bulletin\/files\/2019\/02\/RS14467_Picture_002-300x293.jpg\" data-large-file=\"https:\/\/sites.coloradocollege.edu\/bulletin\/files\/2019\/02\/RS14467_Picture_002-1024x1000.jpg\" src=\"https:\/\/i0.wp.com\/sites.coloradocollege.edu\/bulletin\/files\/2019\/02\/RS14467_Picture_002.jpg?w=143&#038;h=139&#038;ssl=1\" srcset=\"https:\/\/sites.coloradocollege.edu\/bulletin\/files\/2019\/02\/RS14467_Picture_002.jpg 1229w, https:\/\/sites.coloradocollege.edu\/bulletin\/files\/2019\/02\/RS14467_Picture_002-300x293.jpg 300w, https:\/\/sites.coloradocollege.edu\/bulletin\/files\/2019\/02\/RS14467_Picture_002-768x750.jpg 768w, https:\/\/sites.coloradocollege.edu\/bulletin\/files\/2019\/02\/RS14467_Picture_002-1024x1000.jpg 1024w, https:\/\/sites.coloradocollege.edu\/bulletin\/files\/2019\/02\/RS14467_Picture_002-651x636.jpg 651w, https:\/\/sites.coloradocollege.edu\/bulletin\/files\/2019\/02\/RS14467_Picture_002-994x971.jpg 994w, https:\/\/sites.coloradocollege.edu\/bulletin\/files\/2019\/02\/RS14467_Picture_002-292x285.jpg 292w\" width=\"143\" height=\"139\" loading=\"lazy\" data-original-width=\"143\" data-original-height=\"139\" itemprop=\"http:\/\/schema.org\/image\" title=\"Faculty\" alt=\"Faculty\" style=\"width: 143px; height: 139px;\" \/> <\/a> <\/div> <\/div> <!-- close group --> <\/div> <!-- close row --> <\/div>\n<p>\u201cThe department was incredibly welcoming to me,\u201d Janke says. \u201cI arrived at CC when we were on a nine-block system, but we taught the same course several times a year, which reduced prep time a little in what would have otherwise been an incredibly packed teaching course load.\u201d<\/p>\n<p>While he was comfortable with the liberal arts, adapting to the Block Plan took some time and, \u201cI admit that the switch to eight blocks was a relief for me personally. I just grew to really like teaching, and that\u2019s something that continues to today,\u201d Janke says.<\/p>\n<p>As with many of his faculty colleagues, Janke found that teaching on the Block Plan encourages student engagement with the learning material in a way that far outstrips regular semester-based schools.<\/p>\n<p>\u201cYou, as a professor, have considerable flexibility in the classroom,\u201d he explains.<\/p>\n<p>\u201cThis allows you to take up the challenge of reaching every student. Small upper-level classes are particularly rewarding \u2014 when we can really tackle the conceptual as much as the practical material.\u201d<\/p>\n<p>As Janke gained standing in the department and rose up the academic ladder, chairing the department twice from 1985-1988 and again from 2003-2006, he returned to some of his earlier interests in design and computer science, dovetailing them with his mathematical research and teaching.<\/p>\n<p>In 1989, at Janke\u2019s driving, computer science became an optional emphasis for mathematics majors at the college. In 1992, as a result of a proposal from Janke, AT&amp;T awarded CC $145,000 worth of computing equipment through the AT&amp;T University Equipment Donation Program. Twenty computers and a variety of software landed on campus that year, forming the nucleus of the mathematics computer lab in the basement of Palmer Hall. In 2005, with a large amount of direct involvement from Janke and his passion for computing, CC launched its full major in computer science.<\/p>\n<p>Commitment to the liberal arts was a key component of Janke\u2019s career at CC from the outset, particularly collaborating with his colleagues across campus in other academic departments. Janke expanded his research and teaching beyond the mathematics classroom, working with Professor Ron Capen in the Biology Department to create a model of the human lung, and later teaching courses in the Environmental Science program. He created a co-taught philosophy and math course with Professor Judy Genova called Minds, Machines, and Mammals, as well as engaging non-science students in the class Patterns in Nature. In 1996, he was awarded a Benezet grant alongside his colleague Professor Fred Tinsley, to develop and co-author a textbook, \u201cIntroduction to Linear Models and Statistical Inference,\u201d and in 1994 he was one of the faculty to serve on the Block Plan Evaluation Committee, which worked on an intensive and expansive review of CC\u2019s Block Plan in its 25<sup>th<\/sup> year of use at the college. Furthermore, his excellence in teaching led Janke to become one of the pioneering members of the steering committee that created the Teaching and Learning Center, now the Center for Immersive Learning and Engaged Teaching.<\/p>\n<p>Appointed the Vernon Z. Reed Professor of Natural Sciences from 1997 to 2000, Janke has no shortage of accolades or memberships to his name, including a 2008 Burton W. Jones Distinguished Teaching Award from the Mathematical Association of America\u2019s Rocky Mountain Section.<\/p>\n<p>\u201cThe rigor, intensity, care, and gentleness that so deeply characterize his teaching, are at the core of his research and service too,\u201d says Janke\u2019s longtime colleague, Professor Mike Siddoway.<\/p>\n<div id=\"attachment_13989\" style=\"width: 209px\" class=\"wp-caption alignright\"><a href=\"https:\/\/sites.coloradocollege.edu\/bulletin\/files\/2019\/02\/Richard-Koo-83-and-Steven-Janke-with-Pres-Tief-Class-of-2022-OPening-Convocation.jpg\"><img loading=\"lazy\" decoding=\"async\" aria-describedby=\"caption-attachment-13989\" data-attachment-id=\"13989\" data-permalink=\"https:\/\/sites.coloradocollege.edu\/bulletin\/people-of-impact\/professor-steven-janke\/2018-opening-convocation\/\" data-orig-file=\"https:\/\/sites.coloradocollege.edu\/bulletin\/files\/2019\/02\/Richard-Koo-83-and-Steven-Janke-with-Pres-Tief-Class-of-2022-OPening-Convocation.jpg\" data-orig-size=\"794,1200\" data-comments-opened=\"0\" data-image-meta=\"{&quot;aperture&quot;:&quot;5.6&quot;,&quot;credit&quot;:&quot;Jennifer Coombes&quot;,&quot;camera&quot;:&quot;Canon EOS 5D Mark IV&quot;,&quot;caption&quot;:&quot;Richard Koo \\u00e283 and Steven Janke and President Jill Tiefenthaler. The Class of 2022 Opening Convocation started the beginning of the 2018 school year on Monday, August 27 with honorary degrees awarded to Jena Hausmann \\u00e293, Richard Koo \\u00e282 and Ellamaria Ray \\u00e285.&quot;,&quot;created_timestamp&quot;:&quot;1535321897&quot;,&quot;copyright&quot;:&quot;&quot;,&quot;focal_length&quot;:&quot;90&quot;,&quot;iso&quot;:&quot;500&quot;,&quot;shutter_speed&quot;:&quot;0.04&quot;,&quot;title&quot;:&quot;2018 Opening Convocation&quot;,&quot;orientation&quot;:&quot;1&quot;}\" data-image-title=\"2018 Opening Convocation\" data-image-description=\"\" data-image-caption=\"&lt;p&gt;Richard Koo \u201983 and Steven Janke and President Jill Tiefenthaler. The Class of 2022 Opening Convocation started the beginning of the 2018 school year on Monday, August 27 with honorary degrees awarded to Jena Hausmann \u00e293, Richard Koo \u00e282 and Ellamaria Ray \u00e285.&lt;\/p&gt;\n\" data-medium-file=\"https:\/\/sites.coloradocollege.edu\/bulletin\/files\/2019\/02\/Richard-Koo-83-and-Steven-Janke-with-Pres-Tief-Class-of-2022-OPening-Convocation-199x300.jpg\" data-large-file=\"https:\/\/sites.coloradocollege.edu\/bulletin\/files\/2019\/02\/Richard-Koo-83-and-Steven-Janke-with-Pres-Tief-Class-of-2022-OPening-Convocation-678x1024.jpg\" class=\"wp-image-13989 size-medium\" src=\"https:\/\/sites.coloradocollege.edu\/bulletin\/files\/2019\/02\/Richard-Koo-83-and-Steven-Janke-with-Pres-Tief-Class-of-2022-OPening-Convocation-199x300.jpg\" alt=\"\" width=\"199\" height=\"300\" srcset=\"https:\/\/sites.coloradocollege.edu\/bulletin\/files\/2019\/02\/Richard-Koo-83-and-Steven-Janke-with-Pres-Tief-Class-of-2022-OPening-Convocation-199x300.jpg 199w, https:\/\/sites.coloradocollege.edu\/bulletin\/files\/2019\/02\/Richard-Koo-83-and-Steven-Janke-with-Pres-Tief-Class-of-2022-OPening-Convocation-768x1161.jpg 768w, https:\/\/sites.coloradocollege.edu\/bulletin\/files\/2019\/02\/Richard-Koo-83-and-Steven-Janke-with-Pres-Tief-Class-of-2022-OPening-Convocation-678x1024.jpg 678w, https:\/\/sites.coloradocollege.edu\/bulletin\/files\/2019\/02\/Richard-Koo-83-and-Steven-Janke-with-Pres-Tief-Class-of-2022-OPening-Convocation-651x984.jpg 651w, https:\/\/sites.coloradocollege.edu\/bulletin\/files\/2019\/02\/Richard-Koo-83-and-Steven-Janke-with-Pres-Tief-Class-of-2022-OPening-Convocation-292x441.jpg 292w, https:\/\/sites.coloradocollege.edu\/bulletin\/files\/2019\/02\/Richard-Koo-83-and-Steven-Janke-with-Pres-Tief-Class-of-2022-OPening-Convocation.jpg 794w\" sizes=\"auto, (max-width: 199px) 100vw, 199px\" \/><\/a><p id=\"caption-attachment-13989\" class=\"wp-caption-text\">Steven Janke, Richard Koo \u201983, and President Jill Tiefenthaler<\/p><\/div>\n<p>\u201cSteven is known across CC for his ability to reach weaker students, to help them tap their own mathematical visions. He has also had a profound influence on our best students, and unlike anyone else in the department, his impact for three decades has included students from all areas of mathematics, statistics, and computer science,\u201d Siddoway adds.<\/p>\n<p>Janke retired from full-time teaching in 2016, and was honored with an anonymous estate commitment to the college of $5.6 million, from a member of the Class of 1982. $3.1 million of the gift was requested to be directed towards financial aid, and the remaining $2.5 million to establish a chaired professorship in honor of Janke.<\/p>\n<p>\u201cWhen I was a student at Colorado College, Steven Janke changed everything. I had not been a successful math student, and he helped me regain my confidence. He also piqued my interest in computer science. His advice and encouragement shaped my career,\u201d wrote the unnamed alumnus.<\/p>\n<p>Such was Janke\u2019s impact on this student, and generations of others, that a celebration in honor of his teaching career \u2014 still ongoing as a retired member of the faculty \u2014 is only right.<\/p>\n","protected":false},"excerpt":{"rendered":"<p>By Laurie Laker \u201912 Steven Janke became a mathematician because of two Englishmen. \u201cWhen I was 14 years old, I first read \u2018Mathematical Models\u2019 by two English professors [ed. \u2014 H. Martyn Cundy and A.P. Rollett, in continuous publication since 1952], which spoke about and showed me visual mathematics. That got me going; drawing curves,&hellip;<\/p>\n","protected":false},"author":769,"featured_media":13994,"parent":13983,"menu_order":0,"comment_status":"closed","ping_status":"closed","template":"full-width.php","meta":{"_monsterinsights_skip_tracking":false,"_monsterinsights_sitenote_active":false,"_monsterinsights_sitenote_note":"","_monsterinsights_sitenote_category":0,"footnotes":""},"class_list":["post-13987","page","type-page","status-publish","has-post-thumbnail","hentry"],"jetpack_sharing_enabled":true,"_links":{"self":[{"href":"https:\/\/sites.coloradocollege.edu\/bulletin\/wp-json\/wp\/v2\/pages\/13987","targetHints":{"allow":["GET"]}}],"collection":[{"href":"https:\/\/sites.coloradocollege.edu\/bulletin\/wp-json\/wp\/v2\/pages"}],"about":[{"href":"https:\/\/sites.coloradocollege.edu\/bulletin\/wp-json\/wp\/v2\/types\/page"}],"author":[{"embeddable":true,"href":"https:\/\/sites.coloradocollege.edu\/bulletin\/wp-json\/wp\/v2\/users\/769"}],"replies":[{"embeddable":true,"href":"https:\/\/sites.coloradocollege.edu\/bulletin\/wp-json\/wp\/v2\/comments?post=13987"}],"version-history":[{"count":7,"href":"https:\/\/sites.coloradocollege.edu\/bulletin\/wp-json\/wp\/v2\/pages\/13987\/revisions"}],"predecessor-version":[{"id":14542,"href":"https:\/\/sites.coloradocollege.edu\/bulletin\/wp-json\/wp\/v2\/pages\/13987\/revisions\/14542"}],"up":[{"embeddable":true,"href":"https:\/\/sites.coloradocollege.edu\/bulletin\/wp-json\/wp\/v2\/pages\/13983"}],"wp:featuredmedia":[{"embeddable":true,"href":"https:\/\/sites.coloradocollege.edu\/bulletin\/wp-json\/wp\/v2\/media\/13994"}],"wp:attachment":[{"href":"https:\/\/sites.coloradocollege.edu\/bulletin\/wp-json\/wp\/v2\/media?parent=13987"}],"curies":[{"name":"wp","href":"https:\/\/api.w.org\/{rel}","templated":true}]}}